{"id":1923,"date":"2024-11-10T01:44:04","date_gmt":"2024-11-10T01:44:04","guid":{"rendered":"https:\/\/lucioandlucas.com\/empleo\/"},"modified":"2026-01-08T19:14:07","modified_gmt":"2026-01-08T19:14:07","slug":"empleo","status":"publish","type":"page","link":"https:\/\/lucioandlucas.com\/es\/empleo\/","title":{"rendered":"Empleo"},"content":{"rendered":"\t\t<div data-elementor-type=\"wp-page\" data-elementor-id=\"1923\" class=\"elementor elementor-1923 elementor-1450\" data-elementor-post-type=\"page\">\n\t\t\t\t<div class=\"elementor-element elementor-element-f482ba4 e-flex e-con-boxed e-con e-parent\" data-id=\"f482ba4\" data-element_type=\"container\">\n\t\t\t\t\t<div class=\"e-con-inner\">\n\t\t\t\t<div class=\"elementor-element elementor-element-8a08d30 elementor-widget elementor-widget-kidden-section-heading\" data-id=\"8a08d30\" data-element_type=\"widget\" data-widget_type=\"kidden-section-heading.default\">\n\t\t\t\t<div class=\"elementor-widget-container\">\n\t\t\t\t\t        <div class=\"el-section-heading\">\n            <div class=\"content-wrapper\">\n                            <h4 class=\"sub-heading\">\n                                \u00bfListo para solicitarlo?            <\/h4>\n                    <h2 class=\"dt-heading is-border\">\n            Forma parte de <span><span>Nuestro equipo<\/span><\/span>            <\/h2>\n                    <p class=\"desc\">Para dar el siguiente paso y unirte a Lucio &amp; Lucas Corp., rellena el siguiente formulario de solicitud.<br>Esto nos ayuda a saber m\u00e1s sobre ti y tu pasi\u00f3n por apoyar a nuestros clientes, <br>permiti\u00e9ndonos conectar y discutir posibles oportunidades.<\/p>\n                    <\/div>\n        <\/div>\n        \t\t\t\t<\/div>\n\t\t\t\t<\/div>\n\t\t\t\t<div class=\"elementor-element elementor-element-d656ced elementor-widget elementor-widget-kidden-button\" data-id=\"d656ced\" data-element_type=\"widget\" data-widget_type=\"kidden-button.default\">\n\t\t\t\t<div class=\"elementor-widget-container\">\n\t\t\t\t\t\t\t<div id=\"dl-at-d656ced\" class=\"dl-button-wrap\">\n\t\t<a href=\"https:\/\/wa.me\/15613357600\" class=\"default-btn\" rel=\"nofollow\">Llama para m\u00e1s informaci\u00f3n<span class=\"blob-dl-btn__inner\"><span class=\"blob-dl-btn__blobs\"><span><\/span><span><\/span><span><\/span><span><\/span><\/span><\/span><\/a>\t\t<\/div>\n        \t\t\t\t<\/div>\n\t\t\t\t<\/div>\n\t\t\t\t\t<\/div>\n\t\t\t\t<\/div>\n\t\t<div class=\"elementor-element elementor-element-83c47b9 e-flex e-con-boxed e-con e-parent\" data-id=\"83c47b9\" data-element_type=\"container\">\n\t\t\t\t\t<div class=\"e-con-inner\">\n\t\t\t\t<div class=\"elementor-element elementor-element-d5d4189 elementor-widget elementor-widget-shortcode\" data-id=\"d5d4189\" data-element_type=\"widget\" data-widget_type=\"shortcode.default\">\n\t\t\t\t<div class=\"elementor-widget-container\">\n\t\t\t\t\t\t\t<div class=\"elementor-shortcode\"><form id=\"forminator-module-2029\" class=\"forminator-custom-form forminator-custom-form-2029\" method=\"post\" data-forminator-render=\"0\" data-uid=\"69dc14463e922\"><div role=\"alert\" aria-live=\"polite\" class=\"forminator-response-message forminator-error\" aria-hidden=\"true\"><\/div><\/form><\/div>\n\t\t\t\t\t\t<\/div>\n\t\t\t\t<\/div>\n\t\t\t\t\t<\/div>\n\t\t\t\t<\/div>\n\t\t<div class=\"elementor-element elementor-element-bca2c81 e-con-full e-flex e-con e-parent\" data-id=\"bca2c81\" data-element_type=\"container\" data-settings=\"{&quot;background_background&quot;:&quot;classic&quot;}\">\n\t\t<div class=\"elementor-element elementor-element-685dbf1 e-flex e-con-boxed e-con e-child\" data-id=\"685dbf1\" data-element_type=\"container\">\n\t\t\t\t\t<div class=\"e-con-inner\">\n\t\t\t\t<div class=\"elementor-element elementor-element-11683e4 elementor-widget elementor-widget-kidden-section-heading\" data-id=\"11683e4\" data-element_type=\"widget\" data-widget_type=\"kidden-section-heading.default\">\n\t\t\t\t<div class=\"elementor-widget-container\">\n\t\t\t\t\t        <div class=\"el-section-heading\">\n            <div class=\"content-wrapper\">\n                            <h4 class=\"sub-heading\">\n                                \u00a1IMPORTANTE!            <\/h4>\n                    <h2 class=\"dt-heading is-border\">\n            Requisito <span><span>Importante de<\/span><\/span> Empleo            <\/h2>\n                    <p class=\"desc\">Antes de comenzar a trabajar, todos los nuevos empleados deben completar el proceso de toma de huellas dactilares y verificaci\u00f3n de antecedentes a trav\u00e9s del <b>Florida Care Provider Background Screening Clearinghouse.<\/b> <br><br>Visite:<\/p>\n                    <\/div>\n        <\/div>\n        \t\t\t\t<\/div>\n\t\t\t\t<\/div>\n\t\t\t\t<div class=\"elementor-element elementor-element-c92e976 elementor-widget elementor-widget-kidden-button\" data-id=\"c92e976\" data-element_type=\"widget\" data-widget_type=\"kidden-button.default\">\n\t\t\t\t<div class=\"elementor-widget-container\">\n\t\t\t\t\t\t\t<div id=\"dl-at-c92e976\" class=\"dl-button-wrap\">\n\t\t<a href=\"https:\/\/info.flclearinghouse.com\" class=\"default-btn\" target=\"_blank\" rel=\"nofollow\">info.flclearinghouse.com<span class=\"blob-dl-btn__inner\"><span class=\"blob-dl-btn__blobs\"><span><\/span><span><\/span><span><\/span><span><\/span><\/span><\/span><\/a>\t\t<\/div>\n        \t\t\t\t<\/div>\n\t\t\t\t<\/div>\n\t\t\t\t\t<\/div>\n\t\t\t\t<\/div>\n\t\t\t\t<\/div>\n\t\t\t\t<\/div>\n\t\t","protected":false},"excerpt":{"rendered":"<p>\u00bfListo para solicitarlo? Forma parte de Nuestro equipo Para dar el siguiente paso y unirte a Lucio &amp; Lucas Corp., rellena el siguiente formulario de solicitud.Esto nos ayuda a saber [&hellip;]<\/p>\n","protected":false},"author":1,"featured_media":0,"parent":0,"menu_order":0,"comment_status":"closed","ping_status":"closed","template":"elementor-template.php","meta":{"_acf_changed":false,"_monsterinsights_skip_tracking":false,"_monsterinsights_sitenote_active":false,"_monsterinsights_sitenote_note":"","_monsterinsights_sitenote_category":0,"footnotes":""},"class_list":["post-1923","page","type-page","status-publish","hentry"],"acf":[],"aioseo_notices":[],"_links":{"self":[{"href":"https:\/\/lucioandlucas.com\/es\/wp-json\/wp\/v2\/pages\/1923","targetHints":{"allow":["GET"]}}],"collection":[{"href":"https:\/\/lucioandlucas.com\/es\/wp-json\/wp\/v2\/pages"}],"about":[{"href":"https:\/\/lucioandlucas.com\/es\/wp-json\/wp\/v2\/types\/page"}],"author":[{"embeddable":true,"href":"https:\/\/lucioandlucas.com\/es\/wp-json\/wp\/v2\/users\/1"}],"replies":[{"embeddable":true,"href":"https:\/\/lucioandlucas.com\/es\/wp-json\/wp\/v2\/comments?post=1923"}],"version-history":[{"count":9,"href":"https:\/\/lucioandlucas.com\/es\/wp-json\/wp\/v2\/pages\/1923\/revisions"}],"predecessor-version":[{"id":2629,"href":"https:\/\/lucioandlucas.com\/es\/wp-json\/wp\/v2\/pages\/1923\/revisions\/2629"}],"wp:attachment":[{"href":"https:\/\/lucioandlucas.com\/es\/wp-json\/wp\/v2\/media?parent=1923"}],"curies":[{"name":"wp","href":"https:\/\/api.w.org\/{rel}","templated":true}]}}