{"id":1929,"date":"2024-08-25T05:36:58","date_gmt":"2024-08-25T05:36:58","guid":{"rendered":"https:\/\/lucioandlucas.com\/ayuda-y-preguntas-frecuentes\/"},"modified":"2024-12-30T23:04:09","modified_gmt":"2024-12-30T23:04:09","slug":"ayuda-y-preguntas-frecuentes","status":"publish","type":"page","link":"https:\/\/lucioandlucas.com\/es\/ayuda-y-preguntas-frecuentes\/","title":{"rendered":"Ayuda y Preguntas Frecuentes"},"content":{"rendered":"\t\t<div data-elementor-type=\"wp-page\" data-elementor-id=\"1929\" class=\"elementor elementor-1929 elementor-546\" data-elementor-post-type=\"page\">\n\t\t\t\t<div class=\"elementor-element elementor-element-b085b55 e-flex e-con-boxed e-con e-parent\" data-id=\"b085b55\" data-element_type=\"container\">\n\t\t\t\t\t<div class=\"e-con-inner\">\n\t\t\t\t<div class=\"elementor-element elementor-element-9fdbcb5 dl-accordion--icon-right elementor-widget elementor-widget-kidden-accordion\" data-id=\"9fdbcb5\" data-element_type=\"widget\" data-widget_type=\"kidden-accordion.default\">\n\t\t\t\t<div class=\"elementor-widget-container\">\n\t\t\t\t\t        <div class=\"dl-accordion__wrapper\" role=\"tablist\">\n                            <div class=\"dl-accordion__item\">\n                    <div id=\"dl-accordion__item-title-1671\" class=\"dl-accordion__item-title\" data-tab=\"1\" role=\"tab\" aria-controls=\"dl-accordion__item-content-1671\">\n                                                    <span class=\"dl-accordion__item-icon dl-accordion__icon\" aria-hidden=\"true\">\n                                                                    <span class=\"dl-accordion__icon--closed\"><svg aria-hidden=\"true\" class=\"e-font-icon-svg e-fas-plus\" viewBox=\"0 0 448 512\" xmlns=\"http:\/\/www.w3.org\/2000\/svg\"><path d=\"M416 208H272V64c0-17.67-14.33-32-32-32h-32c-17.67 0-32 14.33-32 32v144H32c-17.67 0-32 14.33-32 32v32c0 17.67 14.33 32 32 32h144v144c0 17.67 14.33 32 32 32h32c17.67 0 32-14.33 32-32V304h144c17.67 0 32-14.33 32-32v-32c0-17.67-14.33-32-32-32z\"><\/path><\/svg><\/span>\n                                                                                                    <span class=\"dl-accordion__icon--opened\"><svg aria-hidden=\"true\" class=\"e-font-icon-svg e-fas-minus\" viewBox=\"0 0 448 512\" xmlns=\"http:\/\/www.w3.org\/2000\/svg\"><path d=\"M416 208H32c-17.67 0-32 14.33-32 32v32c0 17.67 14.33 32 32 32h384c17.67 0 32-14.33 32-32v-32c0-17.67-14.33-32-32-32z\"><\/path><\/svg><\/span>\n                                                            <\/span>\n                                                <div class=\"dl-accordion__item-title-inner\">\n                                                        <span class=\"dl-accordion__item-title-text\">1. \u00bfQu\u00e9 es exactamente la terapia conductual aplicada y c\u00f3mo puede ayudar a mi hijo?<\/span>\n                        <\/div>\n                    <\/div>\n                    <div id=\"dl-accordion__item-content-1671\" class=\"dl-accordion__item-content\" data-tab=\"1\" role=\"tabpanel\" aria-labelledby=\"dl-accordion__item-title-1671\">\n                        <p><span style=\"font-weight: 400;\">El An\u00e1lisis Conductual Aplicado (ABA) es un enfoque terap\u00e9utico basado en principios cient\u00edficos del aprendizaje, que se utiliza para mejorar o modificar conductas socialmente significativas. Para los especialistas certificados en terapias de conducta, el ABA implica dise\u00f1ar intervenciones personalizadas para abordar objetivos de desarrollo espec\u00edficos y reducir las conductas problem\u00e1ticas. Esta terapia se aplica de forma intensiva y sistem\u00e1tica, centr\u00e1ndose en reforzar los comportamientos positivos y ense\u00f1ar nuevas habilidades. En el caso de los ni\u00f1os, esto puede incluir mejoras en la comunicaci\u00f3n, las habilidades sociales, la autonom\u00eda y las capacidades acad\u00e9micas.<\/span><\/p>                    <\/div>\n                <\/div>\n                            <div class=\"dl-accordion__item\">\n                    <div id=\"dl-accordion__item-title-1672\" class=\"dl-accordion__item-title\" data-tab=\"2\" role=\"tab\" aria-controls=\"dl-accordion__item-content-1672\">\n                                                    <span class=\"dl-accordion__item-icon dl-accordion__icon\" aria-hidden=\"true\">\n                                                                    <span class=\"dl-accordion__icon--closed\"><svg aria-hidden=\"true\" class=\"e-font-icon-svg e-fas-plus\" viewBox=\"0 0 448 512\" xmlns=\"http:\/\/www.w3.org\/2000\/svg\"><path d=\"M416 208H272V64c0-17.67-14.33-32-32-32h-32c-17.67 0-32 14.33-32 32v144H32c-17.67 0-32 14.33-32 32v32c0 17.67 14.33 32 32 32h144v144c0 17.67 14.33 32 32 32h32c17.67 0 32-14.33 32-32V304h144c17.67 0 32-14.33 32-32v-32c0-17.67-14.33-32-32-32z\"><\/path><\/svg><\/span>\n                                                                                                    <span class=\"dl-accordion__icon--opened\"><svg aria-hidden=\"true\" class=\"e-font-icon-svg e-fas-minus\" viewBox=\"0 0 448 512\" xmlns=\"http:\/\/www.w3.org\/2000\/svg\"><path d=\"M416 208H32c-17.67 0-32 14.33-32 32v32c0 17.67 14.33 32 32 32h384c17.67 0 32-14.33 32-32v-32c0-17.67-14.33-32-32-32z\"><\/path><\/svg><\/span>\n                                                            <\/span>\n                                                <div class=\"dl-accordion__item-title-inner\">\n                                                        <span class=\"dl-accordion__item-title-text\">2. \u00bfC\u00f3mo se determinan los objetivos espec\u00edficos de la terapia ABA para mi hijo?<\/span>\n                        <\/div>\n                    <\/div>\n                    <div id=\"dl-accordion__item-content-1672\" class=\"dl-accordion__item-content\" data-tab=\"2\" role=\"tabpanel\" aria-labelledby=\"dl-accordion__item-title-1672\">\n                        <p><span style=\"font-weight: 400;\">Los objetivos espec\u00edficos de la terapia ABA se determinan mediante una evaluaci\u00f3n exhaustiva de las habilidades y dificultades del ni\u00f1o. Especialistas certificados en terapias de conducta realizar\u00e1n un an\u00e1lisis detallado para identificar las \u00e1reas que requieren intervenci\u00f3n. Estos objetivos se establecen en colaboraci\u00f3n, teniendo en cuenta los objetivos a largo plazo de la familia y las necesidades \u00fanicas del ni\u00f1o. La flexibilidad para ajustar los objetivos a medida que avanza la terapia es parte integrante del enfoque ABA.<\/span><\/p>                    <\/div>\n                <\/div>\n                            <div class=\"dl-accordion__item\">\n                    <div id=\"dl-accordion__item-title-1673\" class=\"dl-accordion__item-title\" data-tab=\"3\" role=\"tab\" aria-controls=\"dl-accordion__item-content-1673\">\n                                                    <span class=\"dl-accordion__item-icon dl-accordion__icon\" aria-hidden=\"true\">\n                                                                    <span class=\"dl-accordion__icon--closed\"><svg aria-hidden=\"true\" class=\"e-font-icon-svg e-fas-plus\" viewBox=\"0 0 448 512\" xmlns=\"http:\/\/www.w3.org\/2000\/svg\"><path d=\"M416 208H272V64c0-17.67-14.33-32-32-32h-32c-17.67 0-32 14.33-32 32v144H32c-17.67 0-32 14.33-32 32v32c0 17.67 14.33 32 32 32h144v144c0 17.67 14.33 32 32 32h32c17.67 0 32-14.33 32-32V304h144c17.67 0 32-14.33 32-32v-32c0-17.67-14.33-32-32-32z\"><\/path><\/svg><\/span>\n                                                                                                    <span class=\"dl-accordion__icon--opened\"><svg aria-hidden=\"true\" class=\"e-font-icon-svg e-fas-minus\" viewBox=\"0 0 448 512\" xmlns=\"http:\/\/www.w3.org\/2000\/svg\"><path d=\"M416 208H32c-17.67 0-32 14.33-32 32v32c0 17.67 14.33 32 32 32h384c17.67 0 32-14.33 32-32v-32c0-17.67-14.33-32-32-32z\"><\/path><\/svg><\/span>\n                                                            <\/span>\n                                                <div class=\"dl-accordion__item-title-inner\">\n                                                        <span class=\"dl-accordion__item-title-text\">3. \u00bfQu\u00e9 diferencia a los especialistas certificados en terapias de conducta y comportamiento?<\/span>\n                        <\/div>\n                    <\/div>\n                    <div id=\"dl-accordion__item-content-1673\" class=\"dl-accordion__item-content\" data-tab=\"3\" role=\"tabpanel\" aria-labelledby=\"dl-accordion__item-title-1673\">\n                        <p><span style=\"font-weight: 400;\">Los especialistas certificados en terapias conductuales han recibido una formaci\u00f3n espec\u00edfica y cumplen normas profesionales en la aplicaci\u00f3n de la terapia ABA. Su experiencia se extiende a la evaluaci\u00f3n precisa, el dise\u00f1o de planes de intervenci\u00f3n eficaces y la adaptaci\u00f3n continua a las necesidades individuales. La certificaci\u00f3n garantiza un nivel de competencia esencial para ofrecer resultados positivos y beneficios duraderos a las personas que desean mejorar su comportamiento y sus habilidades.<\/span><\/p>                    <\/div>\n                <\/div>\n                            <div class=\"dl-accordion__item\">\n                    <div id=\"dl-accordion__item-title-1674\" class=\"dl-accordion__item-title\" data-tab=\"4\" role=\"tab\" aria-controls=\"dl-accordion__item-content-1674\">\n                                                    <span class=\"dl-accordion__item-icon dl-accordion__icon\" aria-hidden=\"true\">\n                                                                    <span class=\"dl-accordion__icon--closed\"><svg aria-hidden=\"true\" class=\"e-font-icon-svg e-fas-plus\" viewBox=\"0 0 448 512\" xmlns=\"http:\/\/www.w3.org\/2000\/svg\"><path d=\"M416 208H272V64c0-17.67-14.33-32-32-32h-32c-17.67 0-32 14.33-32 32v144H32c-17.67 0-32 14.33-32 32v32c0 17.67 14.33 32 32 32h144v144c0 17.67 14.33 32 32 32h32c17.67 0 32-14.33 32-32V304h144c17.67 0 32-14.33 32-32v-32c0-17.67-14.33-32-32-32z\"><\/path><\/svg><\/span>\n                                                                                                    <span class=\"dl-accordion__icon--opened\"><svg aria-hidden=\"true\" class=\"e-font-icon-svg e-fas-minus\" viewBox=\"0 0 448 512\" xmlns=\"http:\/\/www.w3.org\/2000\/svg\"><path d=\"M416 208H32c-17.67 0-32 14.33-32 32v32c0 17.67 14.33 32 32 32h384c17.67 0 32-14.33 32-32v-32c0-17.67-14.33-32-32-32z\"><\/path><\/svg><\/span>\n                                                            <\/span>\n                                                <div class=\"dl-accordion__item-title-inner\">\n                                                        <span class=\"dl-accordion__item-title-text\">4. \u00bfCu\u00e1ndo debe empezar mi hijo la terapia ABA?<\/span>\n                        <\/div>\n                    <\/div>\n                    <div id=\"dl-accordion__item-content-1674\" class=\"dl-accordion__item-content\" data-tab=\"4\" role=\"tabpanel\" aria-labelledby=\"dl-accordion__item-title-1674\">\n                        <p><span style=\"font-weight: 400;\">Lucio &amp; Lucas Corp. ofrece terapia con ni\u00f1os de tan s\u00f3lo 18 meses y nuestro equipo crea planes terap\u00e9uticos personalizados para fomentar el crecimiento y el avance continuos de cada ni\u00f1o. Tu hijo debe empezar la terapia ABA lo antes posible tras recibir un diagn\u00f3stico de autismo. Las investigaciones indican que cuanto antes empiecen los ni\u00f1os a recibir terapia, mayor ser\u00e1 la probabilidad de que aprendan y retengan habilidades duraderas y que les cambiar\u00e1n la vida. Adem\u00e1s, cuanto antes empiece la terapia, antes empezar\u00e1 el ni\u00f1o a ponerse al d\u00eda en habilidades cr\u00edticas que promuevan los niveles deseados de independencia y desarrollo a medida que crezca. Cada ni\u00f1o aprende a un ritmo diferente y se enfrenta a barreras \u00fanicas que afectan al ritmo de aprendizaje.<\/span><\/p>                    <\/div>\n                <\/div>\n                            <div class=\"dl-accordion__item\">\n                    <div id=\"dl-accordion__item-title-1675\" class=\"dl-accordion__item-title\" data-tab=\"5\" role=\"tab\" aria-controls=\"dl-accordion__item-content-1675\">\n                                                    <span class=\"dl-accordion__item-icon dl-accordion__icon\" aria-hidden=\"true\">\n                                                                    <span class=\"dl-accordion__icon--closed\"><svg aria-hidden=\"true\" class=\"e-font-icon-svg e-fas-plus\" viewBox=\"0 0 448 512\" xmlns=\"http:\/\/www.w3.org\/2000\/svg\"><path d=\"M416 208H272V64c0-17.67-14.33-32-32-32h-32c-17.67 0-32 14.33-32 32v144H32c-17.67 0-32 14.33-32 32v32c0 17.67 14.33 32 32 32h144v144c0 17.67 14.33 32 32 32h32c17.67 0 32-14.33 32-32V304h144c17.67 0 32-14.33 32-32v-32c0-17.67-14.33-32-32-32z\"><\/path><\/svg><\/span>\n                                                                                                    <span class=\"dl-accordion__icon--opened\"><svg aria-hidden=\"true\" class=\"e-font-icon-svg e-fas-minus\" viewBox=\"0 0 448 512\" xmlns=\"http:\/\/www.w3.org\/2000\/svg\"><path d=\"M416 208H32c-17.67 0-32 14.33-32 32v32c0 17.67 14.33 32 32 32h384c17.67 0 32-14.33 32-32v-32c0-17.67-14.33-32-32-32z\"><\/path><\/svg><\/span>\n                                                            <\/span>\n                                                <div class=\"dl-accordion__item-title-inner\">\n                                                        <span class=\"dl-accordion__item-title-text\">5. \u00bfCu\u00e1ntas horas a la semana recibir\u00e1 terapia mi hijo?<\/span>\n                        <\/div>\n                    <\/div>\n                    <div id=\"dl-accordion__item-content-1675\" class=\"dl-accordion__item-content\" data-tab=\"5\" role=\"tabpanel\" aria-labelledby=\"dl-accordion__item-title-1675\">\n                        <p><span style=\"font-weight: 400;\">Dependiendo de las necesidades individuales de tu hijo, el tiempo de terapia oscila entre 20 y 30 horas semanales. A medida que tu hijo alcanza sus objetivos y progresa, se reduce el tiempo de terapia prescrito. En pocas palabras, queremos que tu hijo tenga \u00e9xito y demuestre una independencia general con las habilidades m\u00e1s significativas para \u00e9l, lo antes posible, para que la terapia ABA deje de ser necesaria. Estamos deseando celebrar cada graduaci\u00f3n de la terapia.<\/span><\/p>                    <\/div>\n                <\/div>\n                    <\/div>\n        \t\t\t\t<\/div>\n\t\t\t\t<\/div>\n\t\t\t\t\t<\/div>\n\t\t\t\t<\/div>\n\t\t\t\t<\/div>\n\t\t","protected":false},"excerpt":{"rendered":"<p>1. \u00bfQu\u00e9 es exactamente la terapia conductual aplicada y c\u00f3mo puede ayudar a mi hijo? El An\u00e1lisis Conductual Aplicado (ABA) es un enfoque terap\u00e9utico basado en principios cient\u00edficos del aprendizaje, [&hellip;]<\/p>\n","protected":false},"author":1,"featured_media":0,"parent":0,"menu_order":0,"comment_status":"closed","ping_status":"closed","template":"","meta":{"_acf_changed":false,"_monsterinsights_skip_tracking":false,"_monsterinsights_sitenote_active":false,"_monsterinsights_sitenote_note":"","_monsterinsights_sitenote_category":0,"footnotes":""},"class_list":["post-1929","page","type-page","status-publish","hentry"],"acf":[],"aioseo_notices":[],"_links":{"self":[{"href":"https:\/\/lucioandlucas.com\/es\/wp-json\/wp\/v2\/pages\/1929","targetHints":{"allow":["GET"]}}],"collection":[{"href":"https:\/\/lucioandlucas.com\/es\/wp-json\/wp\/v2\/pages"}],"about":[{"href":"https:\/\/lucioandlucas.com\/es\/wp-json\/wp\/v2\/types\/page"}],"author":[{"embeddable":true,"href":"https:\/\/lucioandlucas.com\/es\/wp-json\/wp\/v2\/users\/1"}],"replies":[{"embeddable":true,"href":"https:\/\/lucioandlucas.com\/es\/wp-json\/wp\/v2\/comments?post=1929"}],"version-history":[{"count":2,"href":"https:\/\/lucioandlucas.com\/es\/wp-json\/wp\/v2\/pages\/1929\/revisions"}],"predecessor-version":[{"id":2036,"href":"https:\/\/lucioandlucas.com\/es\/wp-json\/wp\/v2\/pages\/1929\/revisions\/2036"}],"wp:attachment":[{"href":"https:\/\/lucioandlucas.com\/es\/wp-json\/wp\/v2\/media?parent=1929"}],"curies":[{"name":"wp","href":"https:\/\/api.w.org\/{rel}","templated":true}]}}